{"id":68,"date":"2024-11-18T20:17:33","date_gmt":"2024-11-18T20:17:33","guid":{"rendered":"http:\/\/indivelo.327506.de.hosting.internet1.de\/?page_id=68"},"modified":"2024-11-18T20:18:07","modified_gmt":"2024-11-18T20:18:07","slug":"expeditionen","status":"publish","type":"page","link":"https:\/\/indivelo.327506.de.hosting.internet1.de\/index.php\/expeditionen\/","title":{"rendered":"Expeditionen"},"content":{"rendered":"\n<p>Material verstehen, Radfahren k\u00f6nnen und nachhaltig denken. Das machen wir hier bei uns. Wir bieten zwei Expeditionen, um dich und den Fahrrad zu testen.<\/p>\n\n\n\n<div class=\"wp-block-cover is-light\"><span aria-hidden=\"true\" class=\"wp-block-cover__background has-background-dim\" style=\"background-color:#ccced0\"><\/span><img loading=\"lazy\" decoding=\"async\" width=\"200\" height=\"195\" class=\"wp-block-cover__image-background wp-image-69\" alt=\"\" src=\"http:\/\/indivelo.327506.de.hosting.internet1.de\/wp-content\/uploads\/2024\/11\/SchwalbeMarathonPlus28-1.jpg\" data-object-fit=\"cover\"\/><div class=\"wp-block-cover__inner-container is-layout-constrained wp-block-cover-is-layout-constrained\">\n<p class=\"has-text-align-center has-large-font-size\">Nord > Camp Karow<\/p>\n<\/div><\/div>\n\n\n\n<p>Text<\/p>\n\n\n\n<div class=\"wp-block-cover is-light\"><span aria-hidden=\"true\" class=\"wp-block-cover__background has-background-dim\" style=\"background-color:#FFF\"><\/span><div class=\"wp-block-cover__inner-container is-layout-constrained wp-block-cover-is-layout-constrained\">\n<p class=\"has-text-align-center has-large-font-size\">S\u00fcd > L\u00fcbbenau mit Hotel\u00fcbernachtung<\/p>\n<\/div><\/div>\n\n\n\n<p>Text<\/p>\n","protected":false},"excerpt":{"rendered":"<p>Material verstehen, Radfahren k\u00f6nnen und nachhaltig denken. Das machen wir hier bei uns. Wir bieten zwei Expeditionen, um dich und den Fahrrad zu testen. Text Text<\/p>\n","protected":false},"author":1,"featured_media":0,"parent":0,"menu_order":0,"comment_status":"closed","ping_status":"closed","template":"","meta":{"footnotes":""},"class_list":["post-68","page","type-page","status-publish"],"_links":{"self":[{"href":"https:\/\/indivelo.327506.de.hosting.internet1.de\/index.php\/wp-json\/wp\/v2\/pages\/68","targetHints":{"allow":["GET"]}}],"collection":[{"href":"https:\/\/indivelo.327506.de.hosting.internet1.de\/index.php\/wp-json\/wp\/v2\/pages"}],"about":[{"href":"https:\/\/indivelo.327506.de.hosting.internet1.de\/index.php\/wp-json\/wp\/v2\/types\/page"}],"author":[{"embeddable":true,"href":"https:\/\/indivelo.327506.de.hosting.internet1.de\/index.php\/wp-json\/wp\/v2\/users\/1"}],"replies":[{"embeddable":true,"href":"https:\/\/indivelo.327506.de.hosting.internet1.de\/index.php\/wp-json\/wp\/v2\/comments?post=68"}],"version-history":[{"count":3,"href":"https:\/\/indivelo.327506.de.hosting.internet1.de\/index.php\/wp-json\/wp\/v2\/pages\/68\/revisions"}],"predecessor-version":[{"id":72,"href":"https:\/\/indivelo.327506.de.hosting.internet1.de\/index.php\/wp-json\/wp\/v2\/pages\/68\/revisions\/72"}],"wp:attachment":[{"href":"https:\/\/indivelo.327506.de.hosting.internet1.de\/index.php\/wp-json\/wp\/v2\/media?parent=68"}],"curies":[{"name":"wp","href":"https:\/\/api.w.org\/{rel}","templated":true}]}}